{"id":25804585,"date":"2025-03-19T03:26:29","date_gmt":"2025-03-19T03:26:29","guid":{"rendered":"https:\/\/a2laboratoriodeideas.com\/web\/?page_id=25804585"},"modified":"2025-03-19T04:03:45","modified_gmt":"2025-03-19T04:03:45","slug":"experiencias-inclusivas","status":"publish","type":"page","link":"https:\/\/a2laboratoriodeideas.com\/web\/experiencias-inclusivas\/","title":{"rendered":"Experiencias inclusivas"},"content":{"rendered":"<p>[et_pb_section fb_built=\u00bb1&#8243; _builder_version=\u00bb4.27.4&#8243; _module_preset=\u00bbdefault\u00bb background_color=\u00bb#e03116&#8243; global_colors_info=\u00bb{}\u00bb][et_pb_row use_custom_gutter=\u00bbon\u00bb gutter_width=\u00bb1&#8243; _builder_version=\u00bb4.27.4&#8243; background_size=\u00bbinitial\u00bb background_position=\u00bbtop_left\u00bb background_repeat=\u00bbrepeat\u00bb locked=\u00bboff\u00bb global_colors_info=\u00bb{}\u00bb][et_pb_column type=\u00bb4_4&#8243; _builder_version=\u00bb4.16&#8243; custom_padding=\u00bb|||\u00bb global_colors_info=\u00bb{}\u00bb custom_padding__hover=\u00bb|||\u00bb][et_pb_text admin_label=\u00bbTitulo Secci\u00f3n\u00bb _builder_version=\u00bb4.27.4&#8243; text_font=\u00bb||||||||\u00bb text_text_color=\u00bb#FFFFFF\u00bb text_font_size=\u00bb30px\u00bb header_font=\u00bb|300|||||||\u00bb header_6_font=\u00bbInter|300|||||||\u00bb header_6_font_size=\u00bb24px\u00bb background_layout=\u00bbdark\u00bb custom_margin=\u00bb||10px||false|false\u00bb custom_padding=\u00bb|14px||14px|false|true\u00bb header_6_font_size_tablet=\u00bb22px\u00bb header_6_font_size_phone=\u00bb20px\u00bb header_6_font_size_last_edited=\u00bbon|tablet\u00bb global_colors_info=\u00bb{}\u00bb]<\/p>\n<p>De lo que nos gusta hablar<\/p>\n<p>[\/et_pb_text][et_pb_divider color=\u00bb#FFFFFF\u00bb divider_position=\u00bbbottom\u00bb divider_weight=\u00bb1px\u00bb _builder_version=\u00bb4.27.4&#8243; width=\u00bb80px\u00bb max_width=\u00bb80px\u00bb animation_style=\u00bbslide\u00bb animation_direction=\u00bbleft\u00bb animation_duration=\u00bb2000ms\u00bb border_style_all=\u00bbnone\u00bb global_colors_info=\u00bb{}\u00bb][\/et_pb_divider][\/et_pb_column][\/et_pb_row][et_pb_row _builder_version=\u00bb4.27.4&#8243; _module_preset=\u00bbdefault\u00bb global_colors_info=\u00bb{}\u00bb locked=\u00bboff\u00bb][et_pb_column type=\u00bb4_4&#8243; _builder_version=\u00bb4.27.4&#8243; _module_preset=\u00bbdefault\u00bb global_colors_info=\u00bb{}\u00bb][et_pb_text admin_label=\u00bbTitulo Servicio\u00bb _builder_version=\u00bb4.27.4&#8243; text_font=\u00bbInter|700|||||||\u00bb text_text_color=\u00bb#FFFFFF\u00bb text_font_size=\u00bb2.6vw\u00bb text_line_height=\u00bb1.2em\u00bb header_3_font=\u00bb|700|||||||\u00bb header_3_font_size=\u00bb3vw\u00bb header_3_line_height=\u00bb1.2em\u00bb width=\u00bb60%\u00bb custom_margin=\u00bb0%||0%||false|false\u00bb custom_padding=\u00bb0px|0px||0px|false|true\u00bb hover_enabled=\u00bb0&#8243; text_font_size_tablet=\u00bb6vw\u00bb text_font_size_phone=\u00bb3vw\u00bb text_font_size_last_edited=\u00bbon|tablet\u00bb header_3_font_size_tablet=\u00bb8vw\u00bb header_3_font_size_phone=\u00bb10vw\u00bb header_3_font_size_last_edited=\u00bbon|desktop\u00bb header_3_letter_spacing_tablet=\u00bb\u00bb header_3_letter_spacing_phone=\u00bb\u00bb header_3_letter_spacing_last_edited=\u00bbon|phone\u00bb locked=\u00bboff\u00bb global_colors_info=\u00bb{}\u00bb header_3_text_color=\u00bb#FFFFFF\u00bb sticky_enabled=\u00bb0&#8243;]<\/p>\n<h3 style=\"text-align: left;\">Accesibilidad Digital: Comunicaci\u00f3n Para Todos<\/h3>\n<p>[\/et_pb_text][\/et_pb_column][\/et_pb_row][\/et_pb_section][et_pb_section fb_built=\u00bb1&#8243; _builder_version=\u00bb4.27.4&#8243; _module_preset=\u00bbdefault\u00bb background_color=\u00bb#e03116&#8243; background_pattern_horizontal_offset=\u00bb100%\u00bb background_pattern_vertical_offset=\u00bb89%\u00bb custom_margin=\u00bb0px||||false|false\u00bb custom_padding=\u00bb0px||0px||true|false\u00bb global_colors_info=\u00bb{}\u00bb][et_pb_row _builder_version=\u00bb4.27.4&#8243; _module_preset=\u00bbdefault\u00bb module_alignment=\u00bbcenter\u00bb custom_margin=\u00bb0px||0px||false|false\u00bb custom_padding=\u00bb0px||0px||false|false\u00bb locked=\u00bboff\u00bb global_colors_info=\u00bb{}\u00bb][et_pb_column type=\u00bb4_4&#8243; _builder_version=\u00bb4.27.4&#8243; _module_preset=\u00bbdefault\u00bb global_colors_info=\u00bb{}\u00bb][dipi_floating_multi_images fmi_height=\u00bb200px\u00bb fmi_height_tablet=\u00bb200px\u00bb fmi_height_phone=\u00bb159px\u00bb fmi_height_last_edited=\u00bbon|desktop\u00bb admin_label=\u00bbFloating Images Destacado\u00bb _builder_version=\u00bb4.27.4&#8243; _module_preset=\u00bbdefault\u00bb hover_enabled=\u00bb0&#8243; global_colors_info=\u00bb{}\u00bb sticky_enabled=\u00bb0&#8243;][dipi_floating_multi_images_child img_src=\u00bbhttps:\/\/a2laboratoriodeideas.com\/web\/wp-content\/uploads\/2025\/03\/a2-img-bau-05.svg\u00bb vertical_position=\u00bb5%\u00bb _builder_version=\u00bb4.27.4&#8243; _module_preset=\u00bbdefault\u00bb max_width=\u00bb17%\u00bb hover_enabled=\u00bb0&#8243; global_colors_info=\u00bb{}\u00bb title_text=\u00bba2-img-bau-05&#8243; sticky_enabled=\u00bb0&#8243;][\/dipi_floating_multi_images_child][dipi_floating_multi_images_child img_src=\u00bbhttps:\/\/a2laboratoriodeideas.com\/web\/wp-content\/uploads\/2025\/03\/a2-img-bau-04-1.svg\u00bb horizontal_position=\u00bb17%\u00bb vertical_position=\u00bb5%\u00bb fmi_delay=\u00bb-3400ms\u00bb _builder_version=\u00bb4.27.4&#8243; _module_preset=\u00bbdefault\u00bb max_width=\u00bb17%\u00bb global_colors_info=\u00bb{}\u00bb][\/dipi_floating_multi_images_child][\/dipi_floating_multi_images][\/et_pb_column][\/et_pb_row][\/et_pb_section][et_pb_section fb_built=\u00bb1&#8243; _builder_version=\u00bb4.27.4&#8243; _module_preset=\u00bbdefault\u00bb global_colors_info=\u00bb{}\u00bb][et_pb_row column_structure=\u00bb2_3,1_3&#8243; make_equal=\u00bbon\u00bb _builder_version=\u00bb4.27.4&#8243; _module_preset=\u00bbdefault\u00bb custom_margin=\u00bb3%||3%||true|false\u00bb global_colors_info=\u00bb{}\u00bb][et_pb_column type=\u00bb2_3&#8243; _builder_version=\u00bb4.27.4&#8243; _module_preset=\u00bbdefault\u00bb global_colors_info=\u00bb{}\u00bb][dipi_reading_progress_bar bar_animation=\u00bbno\u00bb bar_color=\u00bb#0013FF\u00bb bar_striped_color=\u00bb#ffffff\u00bb _builder_version=\u00bb4.27.4&#8243; _module_preset=\u00bbdefault\u00bb hover_enabled=\u00bb0&#8243; global_colors_info=\u00bb{}\u00bb bar_position=\u00bbbottom\u00bb sticky_enabled=\u00bb0&#8243;][\/dipi_reading_progress_bar][et_pb_text _builder_version=\u00bb4.27.4&#8243; _module_preset=\u00bbdefault\u00bb text_font=\u00bbInter||||||||\u00bb text_text_color=\u00bb#000bb3&#8243; text_font_size=\u00bb18px\u00bb text_line_height=\u00bb1.8em\u00bb custom_margin=\u00bb0%||0%||true|false\u00bb global_colors_info=\u00bb{}\u00bb]<\/p>\n<p><span style=\"font-weight: 400;\">La comunicaci\u00f3n digital no es solo una cuesti\u00f3n de creatividad y tecnolog\u00eda, sino de inclusi\u00f3n. En A2 Lab creemos que <\/span><b>un mensaje solo es verdaderamente efectivo si llega a todas las personas, sin importar sus capacidades, dispositivos o circunstancias<\/b><span style=\"font-weight: 400;\">. Por eso, la accesibilidad no es un extra, es el n\u00facleo de nuestra estrategia.<\/span><\/p>\n<p><b>Accesibilidad: M\u00e1s Que una Norma, un Compromiso<\/b><\/p>\n<p><b>Dise\u00f1o Universal: Crear para Todos<\/b><\/p>\n<p><span style=\"font-weight: 400;\">Cada web, cada contenido y cada estrategia que desarrollamos est\u00e1 pensada para ser accesible desde el primer momento. No se trata de adaptaciones de \u00faltima hora, sino de un dise\u00f1o inclusivo desde la ra\u00edz.<\/span><\/p>\n<p><b>M\u00e1s All\u00e1 del Cumplimiento Legal<\/b><\/p>\n<p><span style=\"font-weight: 400;\">Las regulaciones sobre accesibilidad digital son importantes, pero no son nuestro \u00fanico motor. Nuestro compromiso es \u00e9tico: no hacemos accesibilidad porque \u201ctoca\u201d, sino porque creemos en una comunicaci\u00f3n sin barreras.<\/span><\/p>\n<p><b>Tecnolog\u00eda Que Facilita, No Que Excluye<\/b><\/p>\n<p><span style=\"font-weight: 400;\">La IA nos permite mejorar la accesibilidad digital de maneras antes impensables: transcripciones autom\u00e1ticas, asistentes de voz, interfaces intuitivas, etc. Pero ninguna de estas herramientas tiene sentido si no est\u00e1n al servicio de las personas. Nuestro enfoque es claro: <\/span><b>usar la tecnolog\u00eda para abrir puertas, no para cerrarlas<\/b><span style=\"font-weight: 400;\">.<\/span><\/p>\n<p><b>Contenido Comprensible para Todos<\/b><\/p>\n<p><span style=\"font-weight: 400;\">Accesibilidad tambi\u00e9n significa claridad. En un mundo saturado de informaci\u00f3n, apostamos por mensajes directos, legibles y adaptados a diferentes necesidades cognitivas. La inclusi\u00f3n tambi\u00e9n es comunicaci\u00f3n sin complicaciones.<\/span><\/p>\n<p><b>Un Internet M\u00e1s Justo es Posible<\/b><\/p>\n<p><span style=\"font-weight: 400;\">Cada vez m\u00e1s personas dependen del entorno digital para informarse, aprender y trabajar. Pero si las herramientas y plataformas no son accesibles, estamos dejando a miles fuera de la conversaci\u00f3n. En A2 Laboratorio de Ideas trabajamos para cambiar esto.<\/span><\/p>\n<p>[\/et_pb_text][et_pb_text _builder_version=\u00bb4.27.4&#8243; _module_preset=\u00bbdefault\u00bb text_font=\u00bbInter|700|||||||\u00bb text_text_color=\u00bb#0013FF\u00bb text_font_size=\u00bb2.6vw\u00bb text_line_height=\u00bb1.2em\u00bb header_3_font=\u00bb|700|||||||\u00bb header_3_font_size=\u00bb2.6vw\u00bb header_3_line_height=\u00bb1.2em\u00bb custom_margin=\u00bb10%||10%||true|false\u00bb custom_padding=\u00bb0px|0%||0%|false|true\u00bb text_font_size_tablet=\u00bb6vw\u00bb text_font_size_phone=\u00bb3vw\u00bb text_font_size_last_edited=\u00bbon|tablet\u00bb header_3_font_size_tablet=\u00bb8vw\u00bb header_3_font_size_phone=\u00bb10vw\u00bb header_3_font_size_last_edited=\u00bbon|desktop\u00bb header_3_letter_spacing_tablet=\u00bb\u00bb header_3_letter_spacing_phone=\u00bb\u00bb header_3_letter_spacing_last_edited=\u00bbon|phone\u00bb global_colors_info=\u00bb{}\u00bb]<\/p>\n<p><span style=\"font-weight: 400;\">\ud83d\ude80 <\/span><b>Creemos en un internet donde nadie quede atr\u00e1s. \u00bfT\u00fa tambi\u00e9n?<\/b><\/p>\n<p>[\/et_pb_text][dnxte_button button_text=\u00bbHablemos sobre c\u00f3mo hacer de la comunicaci\u00f3n digital un espacio realmente inclusivo\u00bb dnxt_button_alignment=\u00bbleft\u00bb btn_icon=\u00bb&#x26;||divi||400&#8243; btn_icon_color=\u00bb#0013FF\u00bb btn_on_hover=\u00bboff\u00bb dnxt_hover_bg_color=\u00bb#02076b\u00bb dnxt_hover_border=\u00bbdnxt-hover-underline-from-left\u00bb dnxt_underline_from_left_color=\u00bb#0013FF\u00bb dnxt_hover_icons=\u00bbdnxt-hover-icon-float\u00bb _builder_version=\u00bb4.27.4&#8243; _module_preset=\u00bbdefault\u00bb btn_fonts_font=\u00bbInter|500|||||||\u00bb btn_fonts_text_color=\u00bb#0013FF\u00bb btn_fonts_font_size=\u00bb22px\u00bb btn_fonts_line_height=\u00bb2.4em\u00bb background_enable_color=\u00bboff\u00bb custom_margin=\u00bb0%|0%|0%|0%|false|true\u00bb custom_padding=\u00bb7px|5px|7px|0px|true|false\u00bb custom_css_free_form=\u00bb.dnxt-hover-underline-from-left:before {||    left: 0;||    right: 100%;||    height: 2px;||    -webkit-transition-property: right;||    transition-property: right;||    -webkit-transition-duration: .3s;||    transition-duration: .6s !important;||}\u00bb border_radii_btn_border=\u00bbon|0px|0px|0px|0px\u00bb border_width_all_btn_border=\u00bb0px\u00bb border_color_all_btn_border=\u00bbRGBA(255,255,255,0)\u00bb border_style_all_btn_border=\u00bbnone\u00bb border_style_bottom_btn_border=\u00bbsolid\u00bb locked=\u00bboff\u00bb global_colors_info=\u00bb{}\u00bb background__hover_enabled=\u00bbon|hover\u00bb][\/dnxte_button][\/et_pb_column][et_pb_column type=\u00bb1_3&#8243; _builder_version=\u00bb4.27.4&#8243; _module_preset=\u00bbdefault\u00bb background_color=\u00bb#e03116&#8243; background_enable_mask_style=\u00bbon\u00bb background_mask_style=\u00bbsquare-stripes\u00bb background_mask_size=\u00bbcustom\u00bb background_mask_width=\u00bb700px\u00bb background_mask_position=\u00bbbottom_left\u00bb background_mask_horizontal_offset=\u00bb100%\u00bb background_mask_vertical_offset=\u00bb-1%\u00bb scroll_vertical_motion_enable=\u00bbon\u00bb scroll_vertical_motion=\u00bb0|50|50|100|-3|0|0&#8243; motion_trigger_start=\u00bbtop\u00bb global_colors_info=\u00bb{}\u00bb][\/et_pb_column][\/et_pb_row][\/et_pb_section]<\/p>\n","protected":false},"excerpt":{"rendered":"<p>De lo que nos gusta hablarAccesibilidad Digital: Comunicaci\u00f3n Para Todos<div class=\"et_pb_module dipi_floating_multi_images dipi_floating_multi_images_0\">\n\t\t\t\t\n\t\t\t\t\n\t\t\t\t\n\t\t\t\t\n\t\t\t\t\n\t\t\t\t\n\t\t\t\t<div class=\"et_pb_module_inner\">\n\t\t\t\t\t<div class=\"dipi-floating-multi-images\"> <div class=\"et_pb_module dipi_floating_multi_images_child dipi_floating_multi_images_child_0\">\n\t\t\t\t\n\t\t\t\t\n\t\t\t\t\n\t\t\t\t\n\t\t\t\t\n\t\t\t\t\n\t\t\t\t<div class=\"et_pb_module_inner\">\n\t\t\t\t\t\n                <div class=\"dipi-fi-img\"><img decoding=\"async\" src=\"https:\/\/a2laboratoriodeideas.com\/web\/wp-content\/uploads\/2025\/03\/a2-img-bau-05.svg\" alt=\"\"\/><\/img><\/div>\n            \n\t\t\t\t<\/div>\n\t\t\t<\/div><div class=\"et_pb_module dipi_floating_multi_images_child dipi_floating_multi_images_child_1\">\n\t\t\t\t\n\t\t\t\t\n\t\t\t\t\n\t\t\t\t\n\t\t\t\t\n\t\t\t\t\n\t\t\t\t<div class=\"et_pb_module_inner\">\n\t\t\t\t\t\n                <div class=\"dipi-fi-img\"><img decoding=\"async\" src=\"https:\/\/a2laboratoriodeideas.com\/web\/wp-content\/uploads\/2025\/03\/a2-img-bau-04-1.svg\" alt=\"\"\/><\/img><\/div>\n            \n\t\t\t\t<\/div>\n\t\t\t<\/div> <\/div>\n\t\t\t\t<\/div>\n\t\t\t<\/div><div class=\"et_pb_module dipi_reading_progress_bar dipi_reading_progress_bar_0\">\n\t\t\t\t\n\t\t\t\t\n\t\t\t\t\n\t\t\t\t\n\t\t\t\t\n\t\t\t\t\n\t\t\t\t<div class=\"et_pb_module_inner\">\n\t\t\t\t\t<div class=\"et_pb_module dipi_reading_progress_bar dipi_reading_progress_bar_0 dipi-reading-progress-wrap\" data-position=\"bottom\" data-color=\"#0013FF\" data-bgcolor=\"#fcfcfc\">\n                <div class=\"dipi-reading-progress dipi-reading-progress-bottom\">\n                    <div class=\"dipi-reading-progress-fill \"><\/div>\n                <\/div>\n            <\/div>\n\t\t\t\t<\/div>\n\t\t\t<\/div>La comunicaci\u00f3n digital no es solo una cuesti\u00f3n [&hellip;]<\/p>\n","protected":false},"author":1,"featured_media":0,"parent":0,"menu_order":0,"comment_status":"closed","ping_status":"closed","template":"","meta":{"_et_pb_use_builder":"on","_et_pb_old_content":"","_et_gb_content_width":"","inline_featured_image":false,"footnotes":""},"dipi_cpt_category":[],"class_list":["post-25804585","page","type-page","status-publish","hentry"],"yoast_head":"<!-- This site is optimized with the Yoast SEO Premium plugin v24.6 (Yoast SEO v25.1) - https:\/\/yoast.com\/wordpress\/plugins\/seo\/ -->\n<title>Experiencias inclusivas | A2 Laboratorio de Ideas<\/title>\n<meta name=\"robots\" content=\"index, follow, max-snippet:-1, max-image-preview:large, max-video-preview:-1\" \/>\n<link rel=\"canonical\" href=\"https:\/\/a2laboratoriodeideas.com\/web\/experiencias-inclusivas\/\" \/>\n<meta property=\"og:locale\" content=\"es_ES\" \/>\n<meta property=\"og:type\" content=\"article\" \/>\n<meta property=\"og:title\" content=\"Experiencias inclusivas\" \/>\n<meta property=\"og:description\" content=\"De lo que nos gusta hablarAccesibilidad Digital: Comunicaci\u00f3n Para TodosLa comunicaci\u00f3n digital no es solo una cuesti\u00f3n [&hellip;]\" \/>\n<meta property=\"og:url\" content=\"https:\/\/a2laboratoriodeideas.com\/web\/experiencias-inclusivas\/\" \/>\n<meta property=\"og:site_name\" content=\"A2 Laboratorio de Ideas\" \/>\n<meta property=\"article:modified_time\" content=\"2025-03-19T04:03:45+00:00\" \/>\n<meta property=\"og:image\" content=\"https:\/\/a2laboratoriodeideas.com\/web\/wp-content\/uploads\/2025\/03\/a2-portada-web.png\" \/>\n\t<meta property=\"og:image:width\" content=\"1200\" \/>\n\t<meta property=\"og:image:height\" content=\"675\" \/>\n\t<meta property=\"og:image:type\" content=\"image\/png\" \/>\n<meta name=\"twitter:card\" content=\"summary_large_image\" \/>\n<meta name=\"twitter:site\" content=\"@A2LabIdeas\" \/>\n<meta name=\"twitter:label1\" content=\"Tiempo de lectura\" \/>\n\t<meta name=\"twitter:data1\" content=\"6 minutos\" \/>\n<script type=\"application\/ld+json\" class=\"yoast-schema-graph\">{\"@context\":\"https:\/\/schema.org\",\"@graph\":[{\"@type\":\"WebPage\",\"@id\":\"https:\/\/a2laboratoriodeideas.com\/web\/experiencias-inclusivas\/\",\"url\":\"https:\/\/a2laboratoriodeideas.com\/web\/experiencias-inclusivas\/\",\"name\":\"Experiencias inclusivas | A2 Laboratorio de Ideas\",\"isPartOf\":{\"@id\":\"https:\/\/a2laboratoriodeideas.com\/web\/#website\"},\"datePublished\":\"2025-03-19T03:26:29+00:00\",\"dateModified\":\"2025-03-19T04:03:45+00:00\",\"breadcrumb\":{\"@id\":\"https:\/\/a2laboratoriodeideas.com\/web\/experiencias-inclusivas\/#breadcrumb\"},\"inLanguage\":\"es\",\"potentialAction\":[{\"@type\":\"ReadAction\",\"target\":[\"https:\/\/a2laboratoriodeideas.com\/web\/experiencias-inclusivas\/\"]}]},{\"@type\":\"BreadcrumbList\",\"@id\":\"https:\/\/a2laboratoriodeideas.com\/web\/experiencias-inclusivas\/#breadcrumb\",\"itemListElement\":[{\"@type\":\"ListItem\",\"position\":1,\"name\":\"Portada\",\"item\":\"https:\/\/a2laboratoriodeideas.com\/web\/\"},{\"@type\":\"ListItem\",\"position\":2,\"name\":\"Experiencias inclusivas\"}]},{\"@type\":\"WebSite\",\"@id\":\"https:\/\/a2laboratoriodeideas.com\/web\/#website\",\"url\":\"https:\/\/a2laboratoriodeideas.com\/web\/\",\"name\":\"A2 Laboratorio de Ideas\",\"description\":\"La productora digital\",\"publisher\":{\"@id\":\"https:\/\/a2laboratoriodeideas.com\/web\/#organization\"},\"alternateName\":\"A2 Lab\",\"potentialAction\":[{\"@type\":\"SearchAction\",\"target\":{\"@type\":\"EntryPoint\",\"urlTemplate\":\"https:\/\/a2laboratoriodeideas.com\/web\/?s={search_term_string}\"},\"query-input\":{\"@type\":\"PropertyValueSpecification\",\"valueRequired\":true,\"valueName\":\"search_term_string\"}}],\"inLanguage\":\"es\"},{\"@type\":\"Organization\",\"@id\":\"https:\/\/a2laboratoriodeideas.com\/web\/#organization\",\"name\":\"A2 Laboratorio de Ideas\",\"alternateName\":\"A2 Lab\",\"url\":\"https:\/\/a2laboratoriodeideas.com\/web\/\",\"logo\":{\"@type\":\"ImageObject\",\"inLanguage\":\"es\",\"@id\":\"https:\/\/a2laboratoriodeideas.com\/web\/#\/schema\/logo\/image\/\",\"url\":\"https:\/\/a2laboratoriodeideas.com\/web\/wp-content\/uploads\/2025\/03\/a2-logo-seo.png\",\"contentUrl\":\"https:\/\/a2laboratoriodeideas.com\/web\/wp-content\/uploads\/2025\/03\/a2-logo-seo.png\",\"width\":696,\"height\":696,\"caption\":\"A2 Laboratorio de Ideas\"},\"image\":{\"@id\":\"https:\/\/a2laboratoriodeideas.com\/web\/#\/schema\/logo\/image\/\"},\"sameAs\":[\"https:\/\/x.com\/A2LabIdeas\",\"https:\/\/www.instagram.com\/a2laboratoriodeideas\/\",\"https:\/\/www.linkedin.com\/company\/a2-laboratorio-de-ideas\"],\"description\":\"A2 Laboratorio de Ideas es una agencia de comunicaci\u00f3n digital con un enfoque humanista e innovador, especializada en dise\u00f1o web, experiencia del usuario (UX), automatizaci\u00f3n inteligente y estrategias digitales \u00e9ticas y sostenibles. Nuestro equipo multidisciplinario aprovecha herramientas avanzadas para crear soluciones creativas y eficientes adaptadas a las necesidades espec\u00edficas de cada cliente. En A2 Lab apostamos por una transformaci\u00f3n digital centrada en las personas, promoviendo un uso responsable y \u00e9tico de la tecnolog\u00eda. Desarrollamos proyectos personalizados en WordPress, integrando tecnolog\u00edas como HTML5, CSS3, JavaScript y soluciones No-Code para facilitar procesos \u00e1giles y accesibles para empresas y emprendedores. Nuestro compromiso con la \u00e9tica digital nos lleva a implementar controles rigurosos contra sesgos y errores en todos nuestros proyectos. Desde la creaci\u00f3n de landing pages interactivas hasta la implementaci\u00f3n de espacios virtuales inmersivos, en A2 Laboratorio de Ideas impulsamos el crecimiento digital consciente y eficaz.\",\"email\":\"hola@a2laboratoriodeideas.com\",\"telephone\":\"+34604002639\",\"legalName\":\"A2 Laboratorio de Ideas C.B.\",\"foundingDate\":\"2015-01-01\",\"numberOfEmployees\":{\"@type\":\"QuantitativeValue\",\"minValue\":\"1\",\"maxValue\":\"10\"}}]}<\/script>\n<!-- \/ Yoast SEO Premium plugin. -->","yoast_head_json":{"title":"Experiencias inclusivas | A2 Laboratorio de Ideas","robots":{"index":"index","follow":"follow","max-snippet":"max-snippet:-1","max-image-preview":"max-image-preview:large","max-video-preview":"max-video-preview:-1"},"canonical":"https:\/\/a2laboratoriodeideas.com\/web\/experiencias-inclusivas\/","og_locale":"es_ES","og_type":"article","og_title":"Experiencias inclusivas","og_description":"De lo que nos gusta hablarAccesibilidad Digital: Comunicaci\u00f3n Para TodosLa comunicaci\u00f3n digital no es solo una cuesti\u00f3n [&hellip;]","og_url":"https:\/\/a2laboratoriodeideas.com\/web\/experiencias-inclusivas\/","og_site_name":"A2 Laboratorio de Ideas","article_modified_time":"2025-03-19T04:03:45+00:00","og_image":[{"width":1200,"height":675,"url":"https:\/\/a2laboratoriodeideas.com\/web\/wp-content\/uploads\/2025\/03\/a2-portada-web.png","type":"image\/png"}],"twitter_card":"summary_large_image","twitter_site":"@A2LabIdeas","twitter_misc":{"Tiempo de lectura":"6 minutos"},"schema":{"@context":"https:\/\/schema.org","@graph":[{"@type":"WebPage","@id":"https:\/\/a2laboratoriodeideas.com\/web\/experiencias-inclusivas\/","url":"https:\/\/a2laboratoriodeideas.com\/web\/experiencias-inclusivas\/","name":"Experiencias inclusivas | A2 Laboratorio de Ideas","isPartOf":{"@id":"https:\/\/a2laboratoriodeideas.com\/web\/#website"},"datePublished":"2025-03-19T03:26:29+00:00","dateModified":"2025-03-19T04:03:45+00:00","breadcrumb":{"@id":"https:\/\/a2laboratoriodeideas.com\/web\/experiencias-inclusivas\/#breadcrumb"},"inLanguage":"es","potentialAction":[{"@type":"ReadAction","target":["https:\/\/a2laboratoriodeideas.com\/web\/experiencias-inclusivas\/"]}]},{"@type":"BreadcrumbList","@id":"https:\/\/a2laboratoriodeideas.com\/web\/experiencias-inclusivas\/#breadcrumb","itemListElement":[{"@type":"ListItem","position":1,"name":"Portada","item":"https:\/\/a2laboratoriodeideas.com\/web\/"},{"@type":"ListItem","position":2,"name":"Experiencias inclusivas"}]},{"@type":"WebSite","@id":"https:\/\/a2laboratoriodeideas.com\/web\/#website","url":"https:\/\/a2laboratoriodeideas.com\/web\/","name":"A2 Laboratorio de Ideas","description":"La productora digital","publisher":{"@id":"https:\/\/a2laboratoriodeideas.com\/web\/#organization"},"alternateName":"A2 Lab","potentialAction":[{"@type":"SearchAction","target":{"@type":"EntryPoint","urlTemplate":"https:\/\/a2laboratoriodeideas.com\/web\/?s={search_term_string}"},"query-input":{"@type":"PropertyValueSpecification","valueRequired":true,"valueName":"search_term_string"}}],"inLanguage":"es"},{"@type":"Organization","@id":"https:\/\/a2laboratoriodeideas.com\/web\/#organization","name":"A2 Laboratorio de Ideas","alternateName":"A2 Lab","url":"https:\/\/a2laboratoriodeideas.com\/web\/","logo":{"@type":"ImageObject","inLanguage":"es","@id":"https:\/\/a2laboratoriodeideas.com\/web\/#\/schema\/logo\/image\/","url":"https:\/\/a2laboratoriodeideas.com\/web\/wp-content\/uploads\/2025\/03\/a2-logo-seo.png","contentUrl":"https:\/\/a2laboratoriodeideas.com\/web\/wp-content\/uploads\/2025\/03\/a2-logo-seo.png","width":696,"height":696,"caption":"A2 Laboratorio de Ideas"},"image":{"@id":"https:\/\/a2laboratoriodeideas.com\/web\/#\/schema\/logo\/image\/"},"sameAs":["https:\/\/x.com\/A2LabIdeas","https:\/\/www.instagram.com\/a2laboratoriodeideas\/","https:\/\/www.linkedin.com\/company\/a2-laboratorio-de-ideas"],"description":"A2 Laboratorio de Ideas es una agencia de comunicaci\u00f3n digital con un enfoque humanista e innovador, especializada en dise\u00f1o web, experiencia del usuario (UX), automatizaci\u00f3n inteligente y estrategias digitales \u00e9ticas y sostenibles. Nuestro equipo multidisciplinario aprovecha herramientas avanzadas para crear soluciones creativas y eficientes adaptadas a las necesidades espec\u00edficas de cada cliente. En A2 Lab apostamos por una transformaci\u00f3n digital centrada en las personas, promoviendo un uso responsable y \u00e9tico de la tecnolog\u00eda. Desarrollamos proyectos personalizados en WordPress, integrando tecnolog\u00edas como HTML5, CSS3, JavaScript y soluciones No-Code para facilitar procesos \u00e1giles y accesibles para empresas y emprendedores. Nuestro compromiso con la \u00e9tica digital nos lleva a implementar controles rigurosos contra sesgos y errores en todos nuestros proyectos. Desde la creaci\u00f3n de landing pages interactivas hasta la implementaci\u00f3n de espacios virtuales inmersivos, en A2 Laboratorio de Ideas impulsamos el crecimiento digital consciente y eficaz.","email":"hola@a2laboratoriodeideas.com","telephone":"+34604002639","legalName":"A2 Laboratorio de Ideas C.B.","foundingDate":"2015-01-01","numberOfEmployees":{"@type":"QuantitativeValue","minValue":"1","maxValue":"10"}}]}},"_links":{"self":[{"href":"https:\/\/a2laboratoriodeideas.com\/web\/wp-json\/wp\/v2\/pages\/25804585","targetHints":{"allow":["GET"]}}],"collection":[{"href":"https:\/\/a2laboratoriodeideas.com\/web\/wp-json\/wp\/v2\/pages"}],"about":[{"href":"https:\/\/a2laboratoriodeideas.com\/web\/wp-json\/wp\/v2\/types\/page"}],"author":[{"embeddable":true,"href":"https:\/\/a2laboratoriodeideas.com\/web\/wp-json\/wp\/v2\/users\/1"}],"replies":[{"embeddable":true,"href":"https:\/\/a2laboratoriodeideas.com\/web\/wp-json\/wp\/v2\/comments?post=25804585"}],"version-history":[{"count":8,"href":"https:\/\/a2laboratoriodeideas.com\/web\/wp-json\/wp\/v2\/pages\/25804585\/revisions"}],"predecessor-version":[{"id":25804612,"href":"https:\/\/a2laboratoriodeideas.com\/web\/wp-json\/wp\/v2\/pages\/25804585\/revisions\/25804612"}],"wp:attachment":[{"href":"https:\/\/a2laboratoriodeideas.com\/web\/wp-json\/wp\/v2\/media?parent=25804585"}],"wp:term":[{"taxonomy":"dipi_cpt_category","embeddable":true,"href":"https:\/\/a2laboratoriodeideas.com\/web\/wp-json\/wp\/v2\/dipi_cpt_category?post=25804585"}],"curies":[{"name":"wp","href":"https:\/\/api.w.org\/{rel}","templated":true}]}}